{"id":4984,"date":"2024-01-30T10:04:52","date_gmt":"2024-01-30T09:04:52","guid":{"rendered":"https:\/\/beligneuxleharas.entroisclics.com\/casalika-bellini-z-2\/"},"modified":"2024-02-15T15:52:00","modified_gmt":"2024-02-15T14:52:00","slug":"casalika-bellini-z-2","status":"publish","type":"page","link":"https:\/\/www.beligneuxleharas.com\/en\/casalika-bellini-z-2\/","title":{"rendered":"Casalika Bellini Z"},"content":{"rendered":"<p>[et_pb_section fb_built=&#8221;1&#8243; fullwidth=&#8221;on&#8221; _builder_version=&#8221;4.23.1&#8243; _module_preset=&#8221;default&#8221; global_colors_info=&#8221;{}&#8221;][et_pb_fullwidth_code _builder_version=&#8221;4.23.1&#8243; _module_preset=&#8221;default&#8221; global_colors_info=&#8221;{}&#8221;][\/et_pb_fullwidth_code][\/et_pb_section][et_pb_section fb_built=&#8221;1&#8243; admin_label=&#8221;Header&#8221; _builder_version=&#8221;4.23.1&#8243; _module_preset=&#8221;default&#8221; background_color=&#8221;#FFFFFF&#8221; use_background_color_gradient=&#8221;on&#8221; background_color_gradient_type=&#8221;circular&#8221; background_color_gradient_direction_radial=&#8221;top left&#8221; background_color_gradient_stops=&#8221;rgba(218,170,32,0.2) 0%|rgba(218,170,32,0) 0%&#8221; custom_padding=&#8221;0px||0px||false|false&#8221; collapsed=&#8221;on&#8221; global_colors_info=&#8221;{}&#8221;][et_pb_row _builder_version=&#8221;4.23.1&#8243; _module_preset=&#8221;default&#8221; global_colors_info=&#8221;{}&#8221;][et_pb_column type=&#8221;4_4&#8243; _builder_version=&#8221;4.23.1&#8243; _module_preset=&#8221;default&#8221; global_colors_info=&#8221;{}&#8221;][et_pb_tabs _builder_version=&#8221;4.23.1&#8243; _module_preset=&#8221;default&#8221; global_colors_info=&#8221;{}&#8221;][et_pb_tab title=&#8221;Veterinary file&#8221; _builder_version=&#8221;4.23.1&#8243; _module_preset=&#8221;default&#8221; tab_text_color=&#8221;#0C71C3&#8243; tab_font_size=&#8221;14px&#8221; global_colors_info=&#8221;{}&#8221;]<\/p>\n<p>Radiological check-up  <\/p>\n<p>[\/et_pb_tab][et_pb_tab title=&#8221;Location&#8221; _builder_version=&#8221;4.23.1&#8243; _module_preset=&#8221;default&#8221; body_font_size=&#8221;12px&#8221; tab_text_color=&#8221;#0C71C3&#8243; tab_font_size=&#8221;16px&#8221; global_colors_info=&#8221;{}&#8221;][\/et_pb_tab][et_pb_tab title=&#8221;Make an appointment&#8221; _builder_version=&#8221;4.23.1&#8243; _module_preset=&#8221;default&#8221; tab_text_color=&#8221;#0C71C3&#8243; tab_font_size=&#8221;15px&#8221; global_colors_info=&#8221;{}&#8221;]<\/p>\n<p>S\u00e9bastien Neyrat:<\/p>\n<p>06 12 50 15 52  <\/p>\n<p>s.neyrat@beligneuxleharas.com<\/p>\n<p>[\/et_pb_tab][et_pb_tab title=&#8221;Price list&#8221; _builder_version=&#8221;4.23.1&#8243; _module_preset=&#8221;default&#8221; global_colors_info=&#8221;{}&#8221;][\/et_pb_tab][\/et_pb_tabs][\/et_pb_column][\/et_pb_row][et_pb_row column_structure=&#8221;1_2,1_2&#8243; make_equal=&#8221;on&#8221; _builder_version=&#8221;4.23.1&#8243; _module_preset=&#8221;default&#8221; width=&#8221;100%&#8221; max_width=&#8221;none&#8221; min_height=&#8221;1148.2px&#8221; height=&#8221;946px&#8221; custom_margin=&#8221;-2px|auto||auto|false|false&#8221; custom_padding=&#8221;0px||0px|3%|true|false&#8221; border_color_top=&#8221;#000000&#8243; global_colors_info=&#8221;{}&#8221;][et_pb_column type=&#8221;1_2&#8243; _builder_version=&#8221;4.23.1&#8243; _module_preset=&#8221;default&#8221; custom_padding=&#8221;12vw||12vw||true|false&#8221; custom_padding_tablet=&#8221;28vw||28vw||true|true&#8221; custom_padding_phone=&#8221;||||false|false&#8221; custom_padding_last_edited=&#8221;on|phone&#8221; global_colors_info=&#8221;{}&#8221;][et_pb_code _builder_version=&#8221;4.23.1&#8243; _module_preset=&#8221;default&#8221; custom_margin=&#8221;-150px||162px|||&#8221; global_colors_info=&#8221;{}&#8221;]<iframe style=\"margin-top: 0px; width:100%;height:1100px;\" class=\"autoHeight\" id=\"blackframe\" src=\"https:\/\/www.hippomundo.com\/en\/pedigree\/black\/1101675?api_token=3cedab74e3164e6698e180566023944488d7def9\"><\/iframe>[\/et_pb_code][\/et_pb_column][et_pb_column type=&#8221;1_2&#8243; _builder_version=&#8221;4.23.1&#8243; _module_preset=&#8221;default&#8221; custom_padding=&#8221;0px|40px|0px|40px|true|true&#8221; border_width_left=&#8221;2px&#8221; border_color_left=&#8221;#000000&#8243; border_width_left_tablet=&#8221;0px&#8221; border_width_left_phone=&#8221;0px&#8221; border_width_left_last_edited=&#8221;on|desktop&#8221; global_colors_info=&#8221;{}&#8221;][et_pb_text _builder_version=&#8221;4.23.1&#8243; _module_preset=&#8221;default&#8221; text_font=&#8221;||||||||&#8221; global_colors_info=&#8221;{}&#8221;]<\/p>\n<p style=\"text-align: justify;\"><strong><span style=\"color: #000000;\"><em>Casalika Bellini Z is &#8230;<\/em><\/span><\/strong><\/p>\n<p>[\/et_pb_text][et_pb_text _builder_version=&#8221;4.23.1&#8243; _module_preset=&#8221;default&#8221; text_font=&#8221;||||||||&#8221; global_colors_info=&#8221;{}&#8221;]<\/p>\n<p style=\"text-align: justify;\"><span style=\"text-decoration: underline; color: #000000;\"><strong>Father:<\/strong><\/span><\/p>\n<p style=\"text-align: justify;\"><span style=\"color: #000000;\">After an exceptional sporting career under the saddle of Rolf-G\u00f6ran Bengtsson, Casall is now one of the best stallions in the world (currently 8th in the Hippomundo ranking of stallions by % of Black Type offspring (based on CSI performances).  <\/span><\/p>\n<p style=\"text-align: justify;\"><span style=\"text-decoration: underline; color: #000000;\"><strong>Mother:<\/strong><\/span><\/p>\n<p style=\"text-align: justify;\"><span style=\"color: #000000;\">His dam, Catinka, is full sister to the stallion Conte Bellini (1.60 m) and uterine sister to the stallion Monte Bellini (1.60 m).<\/span><\/p>\n<p>[\/et_pb_text][et_pb_image src=&#8221;https:\/\/www.beligneuxleharas.com\/wp-content\/uploads\/2024\/01\/CASALIKA-BELLINI-Z.jpg&#8221; title_text=&#8221;CASALIKA BELLINI Z&#8221; _builder_version=&#8221;4.23.1&#8243; _module_preset=&#8221;default&#8221; global_colors_info=&#8221;{}&#8221;][\/et_pb_image][et_pb_video src=&#8221;https:\/\/www.beligneuxleharas.com\/wp-content\/uploads\/2024\/02\/Montage-photo-fonce-et-creme-pour-des-offres-speciales-pour-le-cafe-1.mp4&#8243; _builder_version=&#8221;4.23.1&#8243; _module_preset=&#8221;default&#8221; title_text=&#8221;Montage photo fonc\u00e9 et cr\u00e8me pour des offres sp\u00e9ciales pour le caf\u00e9 (1)&#8221; hover_enabled=&#8221;0&#8243; sticky_enabled=&#8221;0&#8243;][\/et_pb_video][\/et_pb_column][\/et_pb_row][\/et_pb_section]<\/p>\n","protected":false},"excerpt":{"rendered":"<p>Radiological check-up S\u00e9bastien Neyrat: 06 12 50 15 52 s.neyrat@beligneuxleharas.comCasalika Bellini Z is &#8230;Father: After an exceptional sporting career under the saddle of Rolf-G\u00f6ran Bengtsson, Casall is now one of the best stallions in the world (currently 8th in the Hippomundo ranking of stallions by % of Black Type offspring (based on CSI performances). [&hellip;]<\/p>\n","protected":false},"author":1,"featured_media":0,"parent":0,"menu_order":0,"comment_status":"closed","ping_status":"closed","template":"","meta":{"_et_pb_use_builder":"on","_et_pb_old_content":"","_et_gb_content_width":"","_monsterinsights_skip_tracking":false,"_monsterinsights_sitenote_active":false,"_monsterinsights_sitenote_note":"","_monsterinsights_sitenote_category":0,"footnotes":""},"class_list":["post-4984","page","type-page","status-publish","hentry"],"yoast_head":"<!-- This site is optimized with the Yoast SEO plugin v22.4 - https:\/\/yoast.com\/wordpress\/plugins\/seo\/ -->\n<title>Casalika Bellini Z - B\u00e9ligneux le haras<\/title>\n<meta name=\"robots\" content=\"index, follow, max-snippet:-1, max-image-preview:large, max-video-preview:-1\" \/>\n<link rel=\"canonical\" href=\"https:\/\/www.beligneuxleharas.com\/en\/casalika-bellini-z-2\/\" \/>\n<meta property=\"og:locale\" content=\"en_US\" \/>\n<meta property=\"og:type\" content=\"article\" \/>\n<meta property=\"og:title\" content=\"Casalika Bellini Z - B\u00e9ligneux le haras\" \/>\n<meta property=\"og:description\" content=\"Radiological check-up S\u00e9bastien Neyrat: 06 12 50 15 52 s.neyrat@beligneuxleharas.comCasalika Bellini Z is ...Father: After an exceptional sporting career under the saddle of Rolf-G\u00f6ran Bengtsson, Casall is now one of the best stallions in the world (currently 8th in the Hippomundo ranking of stallions by % of Black Type offspring (based on CSI performances). [&hellip;]\" \/>\n<meta property=\"og:url\" content=\"https:\/\/www.beligneuxleharas.com\/en\/casalika-bellini-z-2\/\" \/>\n<meta property=\"og:site_name\" content=\"B\u00e9ligneux le haras\" \/>\n<meta property=\"article:publisher\" content=\"https:\/\/www.facebook.com\/communauteBLH\" \/>\n<meta property=\"article:modified_time\" content=\"2024-02-15T14:52:00+00:00\" \/>\n<meta name=\"twitter:card\" content=\"summary_large_image\" \/>\n<meta name=\"twitter:label1\" content=\"Est. reading time\" \/>\n\t<meta name=\"twitter:data1\" content=\"3 minutes\" \/>\n<script type=\"application\/ld+json\" class=\"yoast-schema-graph\">{\"@context\":\"https:\/\/schema.org\",\"@graph\":[{\"@type\":\"WebPage\",\"@id\":\"https:\/\/www.beligneuxleharas.com\/en\/casalika-bellini-z-2\/\",\"url\":\"https:\/\/www.beligneuxleharas.com\/en\/casalika-bellini-z-2\/\",\"name\":\"Casalika Bellini Z - B\u00e9ligneux le haras\",\"isPartOf\":{\"@id\":\"https:\/\/www.beligneuxleharas.com\/en\/#website\"},\"datePublished\":\"2024-01-30T09:04:52+00:00\",\"dateModified\":\"2024-02-15T14:52:00+00:00\",\"breadcrumb\":{\"@id\":\"https:\/\/www.beligneuxleharas.com\/en\/casalika-bellini-z-2\/#breadcrumb\"},\"inLanguage\":\"en-US\",\"potentialAction\":[{\"@type\":\"ReadAction\",\"target\":[\"https:\/\/www.beligneuxleharas.com\/en\/casalika-bellini-z-2\/\"]}]},{\"@type\":\"BreadcrumbList\",\"@id\":\"https:\/\/www.beligneuxleharas.com\/en\/casalika-bellini-z-2\/#breadcrumb\",\"itemListElement\":[{\"@type\":\"ListItem\",\"position\":1,\"name\":\"Accueil\",\"item\":\"https:\/\/www.beligneuxleharas.com\/en\/\"},{\"@type\":\"ListItem\",\"position\":2,\"name\":\"Casalika Bellini Z\"}]},{\"@type\":\"WebSite\",\"@id\":\"https:\/\/www.beligneuxleharas.com\/en\/#website\",\"url\":\"https:\/\/www.beligneuxleharas.com\/en\/\",\"name\":\"B\u00e9ligneux le haras\",\"description\":\"\",\"publisher\":{\"@id\":\"https:\/\/www.beligneuxleharas.com\/en\/#organization\"},\"potentialAction\":[{\"@type\":\"SearchAction\",\"target\":{\"@type\":\"EntryPoint\",\"urlTemplate\":\"https:\/\/www.beligneuxleharas.com\/en\/?s={search_term_string}\"},\"query-input\":\"required name=search_term_string\"}],\"inLanguage\":\"en-US\"},{\"@type\":\"Organization\",\"@id\":\"https:\/\/www.beligneuxleharas.com\/en\/#organization\",\"name\":\"B\u00e9ligneux le haras\",\"url\":\"https:\/\/www.beligneuxleharas.com\/en\/\",\"logo\":{\"@type\":\"ImageObject\",\"inLanguage\":\"en-US\",\"@id\":\"https:\/\/www.beligneuxleharas.com\/en\/#\/schema\/logo\/image\/\",\"url\":\"https:\/\/www.beligneuxleharas.com\/wp-content\/uploads\/2023\/11\/logo-BLH.png\",\"contentUrl\":\"https:\/\/www.beligneuxleharas.com\/wp-content\/uploads\/2023\/11\/logo-BLH.png\",\"width\":1000,\"height\":1000,\"caption\":\"B\u00e9ligneux le haras\"},\"image\":{\"@id\":\"https:\/\/www.beligneuxleharas.com\/en\/#\/schema\/logo\/image\/\"},\"sameAs\":[\"https:\/\/www.facebook.com\/communauteBLH\",\"https:\/\/www.instagram.com\/beligneux_le_haras\/\",\"https:\/\/www.youtube.com\/channel\/UC17fBIi5XzUoGWdGrD_geNQ\"]}]}<\/script>\n<!-- \/ Yoast SEO plugin. -->","yoast_head_json":{"title":"Casalika Bellini Z - B\u00e9ligneux le haras","robots":{"index":"index","follow":"follow","max-snippet":"max-snippet:-1","max-image-preview":"max-image-preview:large","max-video-preview":"max-video-preview:-1"},"canonical":"https:\/\/www.beligneuxleharas.com\/en\/casalika-bellini-z-2\/","og_locale":"en_US","og_type":"article","og_title":"Casalika Bellini Z - B\u00e9ligneux le haras","og_description":"Radiological check-up S\u00e9bastien Neyrat: 06 12 50 15 52 s.neyrat@beligneuxleharas.comCasalika Bellini Z is ...Father: After an exceptional sporting career under the saddle of Rolf-G\u00f6ran Bengtsson, Casall is now one of the best stallions in the world (currently 8th in the Hippomundo ranking of stallions by % of Black Type offspring (based on CSI performances). [&hellip;]","og_url":"https:\/\/www.beligneuxleharas.com\/en\/casalika-bellini-z-2\/","og_site_name":"B\u00e9ligneux le haras","article_publisher":"https:\/\/www.facebook.com\/communauteBLH","article_modified_time":"2024-02-15T14:52:00+00:00","twitter_card":"summary_large_image","twitter_misc":{"Est. reading time":"3 minutes"},"schema":{"@context":"https:\/\/schema.org","@graph":[{"@type":"WebPage","@id":"https:\/\/www.beligneuxleharas.com\/en\/casalika-bellini-z-2\/","url":"https:\/\/www.beligneuxleharas.com\/en\/casalika-bellini-z-2\/","name":"Casalika Bellini Z - B\u00e9ligneux le haras","isPartOf":{"@id":"https:\/\/www.beligneuxleharas.com\/en\/#website"},"datePublished":"2024-01-30T09:04:52+00:00","dateModified":"2024-02-15T14:52:00+00:00","breadcrumb":{"@id":"https:\/\/www.beligneuxleharas.com\/en\/casalika-bellini-z-2\/#breadcrumb"},"inLanguage":"en-US","potentialAction":[{"@type":"ReadAction","target":["https:\/\/www.beligneuxleharas.com\/en\/casalika-bellini-z-2\/"]}]},{"@type":"BreadcrumbList","@id":"https:\/\/www.beligneuxleharas.com\/en\/casalika-bellini-z-2\/#breadcrumb","itemListElement":[{"@type":"ListItem","position":1,"name":"Accueil","item":"https:\/\/www.beligneuxleharas.com\/en\/"},{"@type":"ListItem","position":2,"name":"Casalika Bellini Z"}]},{"@type":"WebSite","@id":"https:\/\/www.beligneuxleharas.com\/en\/#website","url":"https:\/\/www.beligneuxleharas.com\/en\/","name":"B\u00e9ligneux le haras","description":"","publisher":{"@id":"https:\/\/www.beligneuxleharas.com\/en\/#organization"},"potentialAction":[{"@type":"SearchAction","target":{"@type":"EntryPoint","urlTemplate":"https:\/\/www.beligneuxleharas.com\/en\/?s={search_term_string}"},"query-input":"required name=search_term_string"}],"inLanguage":"en-US"},{"@type":"Organization","@id":"https:\/\/www.beligneuxleharas.com\/en\/#organization","name":"B\u00e9ligneux le haras","url":"https:\/\/www.beligneuxleharas.com\/en\/","logo":{"@type":"ImageObject","inLanguage":"en-US","@id":"https:\/\/www.beligneuxleharas.com\/en\/#\/schema\/logo\/image\/","url":"https:\/\/www.beligneuxleharas.com\/wp-content\/uploads\/2023\/11\/logo-BLH.png","contentUrl":"https:\/\/www.beligneuxleharas.com\/wp-content\/uploads\/2023\/11\/logo-BLH.png","width":1000,"height":1000,"caption":"B\u00e9ligneux le haras"},"image":{"@id":"https:\/\/www.beligneuxleharas.com\/en\/#\/schema\/logo\/image\/"},"sameAs":["https:\/\/www.facebook.com\/communauteBLH","https:\/\/www.instagram.com\/beligneux_le_haras\/","https:\/\/www.youtube.com\/channel\/UC17fBIi5XzUoGWdGrD_geNQ"]}]}},"_links":{"self":[{"href":"https:\/\/www.beligneuxleharas.com\/en\/wp-json\/wp\/v2\/pages\/4984","targetHints":{"allow":["GET"]}}],"collection":[{"href":"https:\/\/www.beligneuxleharas.com\/en\/wp-json\/wp\/v2\/pages"}],"about":[{"href":"https:\/\/www.beligneuxleharas.com\/en\/wp-json\/wp\/v2\/types\/page"}],"author":[{"embeddable":true,"href":"https:\/\/www.beligneuxleharas.com\/en\/wp-json\/wp\/v2\/users\/1"}],"replies":[{"embeddable":true,"href":"https:\/\/www.beligneuxleharas.com\/en\/wp-json\/wp\/v2\/comments?post=4984"}],"version-history":[{"count":8,"href":"https:\/\/www.beligneuxleharas.com\/en\/wp-json\/wp\/v2\/pages\/4984\/revisions"}],"predecessor-version":[{"id":6311,"href":"https:\/\/www.beligneuxleharas.com\/en\/wp-json\/wp\/v2\/pages\/4984\/revisions\/6311"}],"wp:attachment":[{"href":"https:\/\/www.beligneuxleharas.com\/en\/wp-json\/wp\/v2\/media?parent=4984"}],"curies":[{"name":"wp","href":"https:\/\/api.w.org\/{rel}","templated":true}]}}