{"id":4978,"date":"2024-01-30T10:06:43","date_gmt":"2024-01-30T09:06:43","guid":{"rendered":"https:\/\/beligneuxleharas.entroisclics.com\/contact\/"},"modified":"2024-07-09T06:51:19","modified_gmt":"2024-07-09T04:51:19","slug":"contact","status":"publish","type":"page","link":"https:\/\/www.beligneuxleharas.com\/en\/contact\/","title":{"rendered":"CONTACT"},"content":{"rendered":"<p>[et_pb_section fb_built=&#8221;1&#8243; admin_label=&#8221;Header&#8221; _builder_version=&#8221;4.23.1&#8243; _module_preset=&#8221;default&#8221; background_color=&#8221;gcid-02132a14-0aa3-45af-abdc-389c29b58c23&#8243; use_background_color_gradient=&#8221;on&#8221; background_color_gradient_stops=&#8221;#000000 0%|rgba(38,54,78,0.7) 3%&#8221; background_color_gradient_overlays_image=&#8221;on&#8221; background_image=&#8221;https:\/\/www.beligneuxleharas.com\/wp-content\/uploads\/2023\/11\/Beligneux-le-Haras-004.jpg&#8221; background_position=&#8221;bottom_center&#8221; custom_padding=&#8221;||15.1%||false|false&#8221; border_color_top=&#8221;#E02B20&#8243; border_width_bottom=&#8221;6px&#8221; border_color_bottom=&#8221;#E02B20&#8243; locked=&#8221;off&#8221; collapsed=&#8221;on&#8221; global_colors_info=&#8221;{%22gcid-02132a14-0aa3-45af-abdc-389c29b58c23%22:%91%22background_color%22%93}&#8221;][et_pb_row _builder_version=&#8221;4.18.0&#8243; _module_preset=&#8221;default&#8221; locked=&#8221;off&#8221; global_colors_info=&#8221;{}&#8221;][et_pb_column type=&#8221;4_4&#8243; _builder_version=&#8221;4.18.0&#8243; _module_preset=&#8221;default&#8221; global_colors_info=&#8221;{}&#8221;][et_pb_text _builder_version=&#8221;4.23.1&#8243; _module_preset=&#8221;c16985e1-e0d6-4022-964d-e2bfc04fa633&#8243; text_font_size=&#8221;40px&#8221; header_font=&#8221;Cinzel||||||||&#8221; header_text_color=&#8221;gcid-e010f2a6-5bcc-4cbf-902a-b2f60822625a&#8221; header_font_size=&#8221;90px&#8221; text_orientation=&#8221;center&#8221; custom_padding=&#8221;||4%||false|false&#8221; header_font_size_tablet=&#8221;40px&#8221; header_font_size_phone=&#8221;24px&#8221; header_font_size_last_edited=&#8221;on|desktop&#8221; border_color_all=&#8221;gcid-e010f2a6-5bcc-4cbf-902a-b2f60822625a&#8221; border_width_bottom=&#8221;2px&#8221; border_color_bottom=&#8221;#FFFFFF&#8221; global_colors_info=&#8221;{%22gcid-e010f2a6-5bcc-4cbf-902a-b2f60822625a%22:%91%22border_color_all%22,%22header_text_color%22%93}&#8221;]<\/p>\n<p><span style=\"color: #ffffff;\">Contact<\/span><\/p>\n<p>[\/et_pb_text][\/et_pb_column][\/et_pb_row][et_pb_row column_structure=&#8221;1_3,1_3,1_3&#8243; _builder_version=&#8221;4.18.0&#8243; _module_preset=&#8221;default&#8221; global_colors_info=&#8221;{}&#8221;][et_pb_column type=&#8221;1_3&#8243; _builder_version=&#8221;4.18.0&#8243; _module_preset=&#8221;default&#8221; global_colors_info=&#8221;{}&#8221;][et_pb_text _builder_version=&#8221;4.23.1&#8243; _module_preset=&#8221;aaa7c440-590a-4078-ae0c-0f3c699ac51c&#8221; header_font=&#8221;||||||||&#8221; header_3_font=&#8221;Cinzel||||||||&#8221; header_3_text_color=&#8221;gcid-e010f2a6-5bcc-4cbf-902a-b2f60822625a&#8221; header_3_font_size=&#8221;24px&#8221; header_3_line_height=&#8221;1.4em&#8221; text_orientation=&#8221;center&#8221; custom_margin=&#8221;||10px||false|false&#8221; header_3_font_size_tablet=&#8221;20px&#8221; header_3_font_size_phone=&#8221;16px&#8221; header_3_font_size_last_edited=&#8221;on|phone&#8221; global_colors_info=&#8221;{%22gcid-e010f2a6-5bcc-4cbf-902a-b2f60822625a%22:%91%22header_3_text_color%22%93}&#8221;]<\/p>\n<h3><span style=\"color: #ffffff;\">by Email<\/span><\/h3>\n<p>[\/et_pb_text][et_pb_text _builder_version=&#8221;4.23.1&#8243; _module_preset=&#8221;4827deed-2a92-4d97-a22f-f01067ae6873&#8243; link_text_color=&#8221;#FFFFFF&#8221; header_font=&#8221;||||||||&#8221; header_4_font=&#8221;Poppins|500|||||||&#8221; header_4_line_height=&#8221;1.2em&#8221; text_orientation=&#8221;center&#8221; background_layout=&#8221;dark&#8221; custom_margin=&#8221;||0px||false|false&#8221; hover_enabled=&#8221;0&#8243; header_4_font_size_tablet=&#8221;16px&#8221; header_4_font_size_phone=&#8221;14px&#8221; header_4_font_size_last_edited=&#8221;on|tablet&#8221; global_colors_info=&#8221;{}&#8221; sticky_enabled=&#8221;0&#8243;]<\/p>\n<p style=\"text-align: center;\"><em><strong>Technical services \/ Crossbreeding advice<\/strong><\/em><br \/><a href=\"mailto:s.neyrat@beligneuxleharas.com\">s.neyrat@beligneuxleharas.com<\/a><\/p>\n<p><em><strong>Accounting<\/strong><\/em><br \/><a href=\"mailto:laure.neyrat@beligneuxleharas.com\">laure.neyrat@beligneuxleharas.com<\/a><\/p>\n<p><em><strong>Administrative  <\/strong><\/em><\/p>\n<p><em><strong><\/strong><\/em><em><a href=\"mailto:bureau@beligneuxleharas.com\">bureau@beligneuxleharas.com<\/a><a href=\"mailto:bureau@beligneuxleharas.com\"><\/a><\/em><\/p>\n<p><em><strong>Haras de Ch\u00e2tenay<\/strong><\/em><\/p>\n<p><a href=\"mailto:florine@beligneuxleharas.com\"><em>florine@beligneuxleharas.com<\/em><\/a><\/p>\n<p>&nbsp;<\/p>\n<p><em><strong><\/strong><\/em><\/p>\n<p>&nbsp;<\/p>\n<p>[\/et_pb_text][\/et_pb_column][et_pb_column type=&#8221;1_3&#8243; _builder_version=&#8221;4.18.0&#8243; _module_preset=&#8221;default&#8221; global_colors_info=&#8221;{}&#8221;][et_pb_text _builder_version=&#8221;4.23.1&#8243; _module_preset=&#8221;aaa7c440-590a-4078-ae0c-0f3c699ac51c&#8221; header_font=&#8221;||||||||&#8221; header_3_font=&#8221;Cinzel||||||||&#8221; header_3_text_color=&#8221;gcid-e010f2a6-5bcc-4cbf-902a-b2f60822625a&#8221; header_3_font_size=&#8221;24px&#8221; header_3_line_height=&#8221;1.4em&#8221; text_orientation=&#8221;center&#8221; custom_margin=&#8221;||10px||false|false&#8221; header_3_font_size_tablet=&#8221;20px&#8221; header_3_font_size_phone=&#8221;16px&#8221; header_3_font_size_last_edited=&#8221;on|phone&#8221; global_colors_info=&#8221;{%22gcid-e010f2a6-5bcc-4cbf-902a-b2f60822625a%22:%91%22header_3_text_color%22%93}&#8221;]<\/p>\n<h3><span style=\"color: #ffffff;\">Addresses<\/span><\/h3>\n<p>[\/et_pb_text][et_pb_text _builder_version=&#8221;4.23.1&#8243; _module_preset=&#8221;4827deed-2a92-4d97-a22f-f01067ae6873&#8243; link_text_color=&#8221;#FFFFFF&#8221; header_font=&#8221;||||||||&#8221; header_4_font=&#8221;Poppins|500|||||||&#8221; header_4_line_height=&#8221;1.2em&#8221; text_orientation=&#8221;center&#8221; background_layout=&#8221;dark&#8221; custom_margin=&#8221;||0px||false|false&#8221; header_4_font_size_tablet=&#8221;16px&#8221; header_4_font_size_phone=&#8221;14px&#8221; header_4_font_size_last_edited=&#8221;on|tablet&#8221; global_colors_info=&#8221;{}&#8221;]<\/p>\n<p><em><strong>B\u00e9ligneux Le Haras<\/strong><\/em><br \/>1702 chemin des sauvag\u00e8res<br \/>01960 SERVAS<\/p>\n<p><em><strong>Haras de Ch\u00e2tenay<\/strong><\/em><br \/><span>Lieu dit le moulin<\/span><br \/><span>01320 CHATENAY<\/span><\/p>\n<p>[\/et_pb_text][\/et_pb_column][et_pb_column type=&#8221;1_3&#8243; _builder_version=&#8221;4.18.0&#8243; _module_preset=&#8221;default&#8221; global_colors_info=&#8221;{}&#8221;][et_pb_text _builder_version=&#8221;4.23.1&#8243; _module_preset=&#8221;aaa7c440-590a-4078-ae0c-0f3c699ac51c&#8221; header_font=&#8221;||||||||&#8221; header_3_font=&#8221;Cinzel||||||||&#8221; header_3_text_color=&#8221;gcid-e010f2a6-5bcc-4cbf-902a-b2f60822625a&#8221; header_3_font_size=&#8221;24px&#8221; header_3_line_height=&#8221;1.4em&#8221; text_orientation=&#8221;center&#8221; custom_margin=&#8221;||10px||false|false&#8221; header_3_font_size_tablet=&#8221;20px&#8221; header_3_font_size_phone=&#8221;16px&#8221; header_3_font_size_last_edited=&#8221;on|phone&#8221; global_colors_info=&#8221;{%22gcid-e010f2a6-5bcc-4cbf-902a-b2f60822625a%22:%91%22header_3_text_color%22%93}&#8221;]<\/p>\n<h3><span style=\"color: #ffffff;\">by Phone<\/span><\/h3>\n<p>[\/et_pb_text][et_pb_text _builder_version=&#8221;4.23.1&#8243; _module_preset=&#8221;4827deed-2a92-4d97-a22f-f01067ae6873&#8243; link_text_color=&#8221;#FFFFFF&#8221; header_font=&#8221;||||||||&#8221; header_4_font=&#8221;Poppins|500|||||||&#8221; header_4_line_height=&#8221;1.2em&#8221; text_orientation=&#8221;center&#8221; background_layout=&#8221;dark&#8221; custom_margin=&#8221;||0px||false|false&#8221; hover_enabled=&#8221;0&#8243; header_4_font_size_tablet=&#8221;16px&#8221; header_4_font_size_phone=&#8221;14px&#8221; header_4_font_size_last_edited=&#8221;on|tablet&#8221; global_colors_info=&#8221;{}&#8221; sticky_enabled=&#8221;0&#8243;]<\/p>\n<p><em><strong>Technical services \/ Crossbreeding advice<\/strong><\/em><br \/><span>+33 4 37 62 30 85 choice 1<\/span><\/p>\n<p><em><strong><\/strong><\/em><\/p>\n<p><em><strong>Accounting<\/strong><\/em><br \/><span>Laure Rossel : +33(0)<\/span><span>6 18 98 12 83<\/span><\/p>\n<p><strong><\/strong><\/p>\n<p><strong><\/strong><\/p>\n<p><strong>Executive \/ administrative assistant  <\/strong><\/p>\n<p>Amandine Hivet: +33(0)6 46 57 03 33<\/p>\n<p>&nbsp;<\/p>\n<p><em><strong>Ch\u00e2tenay center (mare follow-up)<\/strong><\/em><\/p>\n<p>Florine Dufournel: +33(0)6 10 48 82 39  <\/p>\n<p>&nbsp;<\/p>\n<p>[\/et_pb_text][\/et_pb_column][\/et_pb_row][\/et_pb_section][et_pb_section fb_built=&#8221;1&#8243; specialty=&#8221;on&#8221; admin_label=&#8221;Contact Form&#8221; _builder_version=&#8221;4.18.0&#8243; _module_preset=&#8221;default&#8221; custom_margin=&#8221;1px|||||&#8221; locked=&#8221;off&#8221; collapsed=&#8221;on&#8221; global_colors_info=&#8221;{}&#8221;][et_pb_column type=&#8221;1_2&#8243; specialty_columns=&#8221;2&#8243; _builder_version=&#8221;4.16&#8243; custom_padding=&#8221;|||&#8221; global_colors_info=&#8221;{}&#8221; custom_padding__hover=&#8221;|||&#8221;][et_pb_row_inner use_custom_gutter=&#8221;on&#8221; gutter_width=&#8221;1&#8243; _builder_version=&#8221;4.18.0&#8243; _module_preset=&#8221;default&#8221; custom_padding=&#8221;0px||0px||true|false&#8221; global_colors_info=&#8221;{}&#8221;][et_pb_column_inner saved_specialty_column_type=&#8221;1_2&#8243; _builder_version=&#8221;4.18.0&#8243; _module_preset=&#8221;default&#8221; global_colors_info=&#8221;{}&#8221;][et_pb_image src=&#8221;https:\/\/www.beligneuxleharas.com\/wp-content\/uploads\/2023\/11\/Plot-2.jpeg&#8221; title_text=&#8221;Plot 2&#8243; _builder_version=&#8221;4.23.1&#8243; _module_preset=&#8221;default&#8221; global_colors_info=&#8221;{}&#8221;][\/et_pb_image][\/et_pb_column_inner][\/et_pb_row_inner][\/et_pb_column][et_pb_column type=&#8221;1_2&#8243; _builder_version=&#8221;4.16&#8243; custom_padding=&#8221;|||&#8221; global_colors_info=&#8221;{}&#8221; custom_padding__hover=&#8221;|||&#8221;][et_pb_text _builder_version=&#8221;4.23.1&#8243; _module_preset=&#8221;b327cbe4-b1d5-4b66-ad37-40c8f2f061ba&#8221; header_2_font=&#8221;Cinzel||||||||&#8221; header_2_text_color=&#8221;gcid-e010f2a6-5bcc-4cbf-902a-b2f60822625a&#8221; header_2_font_size=&#8221;52px&#8221; header_2_line_height=&#8221;1.2em&#8221; header_2_font_size_tablet=&#8221;32px&#8221; header_2_font_size_phone=&#8221;20px&#8221; header_2_font_size_last_edited=&#8221;on|desktop&#8221; global_colors_info=&#8221;{%22gcid-e010f2a6-5bcc-4cbf-902a-b2f60822625a%22:%91%22header_2_text_color%22%93}&#8221;]<\/p>\n<h2><span style=\"color: #000000;\">CONTACT<\/span><\/h2>\n<p>[\/et_pb_text][et_pb_contact_form email=&#8221;bureau@beligneuxleharas.com&#8221; _builder_version=&#8221;4.23.1&#8243; _module_preset=&#8221;5f451234-b662-41cf-8ad7-48c40d2afa7f&#8221; _unique_id=&#8221;d9e3dea3-5a5a-4055-a69e-965609ad5bc9&#8243; form_field_background_color=&#8221;RGBA(255,255,255,0)&#8221; form_field_text_color=&#8221;#000000&#8243; form_field_custom_padding=&#8221;|0px||0px|false|true&#8221; form_field_font=&#8221;Poppins||||||||&#8221; form_field_font_size=&#8221;18px&#8221; form_field_line_height=&#8221;1.75em&#8221; custom_button=&#8221;on&#8221; button_text_color=&#8221;#FFFFFF&#8221; button_bg_color=&#8221;#E02B20&#8243; button_border_width=&#8221;0px&#8221; button_border_radius=&#8221;0px&#8221; button_font=&#8221;Poppins|500|||||||&#8221; button_custom_padding=&#8221;12px|30px|12px|30px|true|true&#8221; form_field_font_size_tablet=&#8221;15px&#8221; form_field_font_size_phone=&#8221;14px&#8221; form_field_font_size_last_edited=&#8221;on|phone&#8221; button_text_size_tablet=&#8221;18px&#8221; button_text_size_phone=&#8221;16px&#8221; button_text_size_last_edited=&#8221;on|phone&#8221; border_color_all=&#8221;#000000&#8243; border_width_bottom=&#8221;2px&#8221; locked=&#8221;off&#8221; global_colors_info=&#8221;{}&#8221;][et_pb_contact_field field_id=&#8221;Nom&#8221; field_title=&#8221;Name&#8221; fullwidth_field=&#8221;on&#8221; _builder_version=&#8221;4.16&#8243; _module_preset=&#8221;default&#8221; global_colors_info=&#8221;{}&#8221; button_text_size__hover_enabled=&#8221;off&#8221; button_one_text_size__hover_enabled=&#8221;off&#8221; button_two_text_size__hover_enabled=&#8221;off&#8221; button_text_color__hover_enabled=&#8221;off&#8221; button_one_text_color__hover_enabled=&#8221;off&#8221; button_two_text_color__hover_enabled=&#8221;off&#8221; button_border_width__hover_enabled=&#8221;off&#8221; button_one_border_width__hover_enabled=&#8221;off&#8221; button_two_border_width__hover_enabled=&#8221;off&#8221; button_border_color__hover_enabled=&#8221;off&#8221; button_one_border_color__hover_enabled=&#8221;off&#8221; button_two_border_color__hover_enabled=&#8221;off&#8221; button_border_radius__hover_enabled=&#8221;off&#8221; button_one_border_radius__hover_enabled=&#8221;off&#8221; button_two_border_radius__hover_enabled=&#8221;off&#8221; button_letter_spacing__hover_enabled=&#8221;off&#8221; button_one_letter_spacing__hover_enabled=&#8221;off&#8221; button_two_letter_spacing__hover_enabled=&#8221;off&#8221; button_bg_color__hover_enabled=&#8221;off&#8221; button_one_bg_color__hover_enabled=&#8221;off&#8221; button_two_bg_color__hover_enabled=&#8221;off&#8221;][\/et_pb_contact_field][et_pb_contact_field field_id=&#8221;Email&#8221; field_title=&#8221;Email  &#8221; field_type=&#8221;email&#8221; fullwidth_field=&#8221;on&#8221; _builder_version=&#8221;4.23.1&#8243; _module_preset=&#8221;default&#8221; global_colors_info=&#8221;{}&#8221; button_text_size__hover_enabled=&#8221;off&#8221; button_one_text_size__hover_enabled=&#8221;off&#8221; button_two_text_size__hover_enabled=&#8221;off&#8221; button_text_color__hover_enabled=&#8221;off&#8221; button_one_text_color__hover_enabled=&#8221;off&#8221; button_two_text_color__hover_enabled=&#8221;off&#8221; button_border_width__hover_enabled=&#8221;off&#8221; button_one_border_width__hover_enabled=&#8221;off&#8221; button_two_border_width__hover_enabled=&#8221;off&#8221; button_border_color__hover_enabled=&#8221;off&#8221; button_one_border_color__hover_enabled=&#8221;off&#8221; button_two_border_color__hover_enabled=&#8221;off&#8221; button_border_radius__hover_enabled=&#8221;off&#8221; button_one_border_radius__hover_enabled=&#8221;off&#8221; button_two_border_radius__hover_enabled=&#8221;off&#8221; button_letter_spacing__hover_enabled=&#8221;off&#8221; button_one_letter_spacing__hover_enabled=&#8221;off&#8221; button_two_letter_spacing__hover_enabled=&#8221;off&#8221; button_bg_color__hover_enabled=&#8221;off&#8221; button_one_bg_color__hover_enabled=&#8221;off&#8221; button_two_bg_color__hover_enabled=&#8221;off&#8221;][\/et_pb_contact_field][et_pb_contact_field field_id=&#8221;Message&#8221; field_title=&#8221;Message&#8221; field_type=&#8221;text&#8221; fullwidth_field=&#8221;on&#8221; _builder_version=&#8221;4.16&#8243; _module_preset=&#8221;default&#8221; global_colors_info=&#8221;{}&#8221; button_text_size__hover_enabled=&#8221;off&#8221; button_one_text_size__hover_enabled=&#8221;off&#8221; button_two_text_size__hover_enabled=&#8221;off&#8221; button_text_color__hover_enabled=&#8221;off&#8221; button_one_text_color__hover_enabled=&#8221;off&#8221; button_two_text_color__hover_enabled=&#8221;off&#8221; button_border_width__hover_enabled=&#8221;off&#8221; button_one_border_width__hover_enabled=&#8221;off&#8221; button_two_border_width__hover_enabled=&#8221;off&#8221; button_border_color__hover_enabled=&#8221;off&#8221; button_one_border_color__hover_enabled=&#8221;off&#8221; button_two_border_color__hover_enabled=&#8221;off&#8221; button_border_radius__hover_enabled=&#8221;off&#8221; button_one_border_radius__hover_enabled=&#8221;off&#8221; button_two_border_radius__hover_enabled=&#8221;off&#8221; button_letter_spacing__hover_enabled=&#8221;off&#8221; button_one_letter_spacing__hover_enabled=&#8221;off&#8221; button_two_letter_spacing__hover_enabled=&#8221;off&#8221; button_bg_color__hover_enabled=&#8221;off&#8221; button_one_bg_color__hover_enabled=&#8221;off&#8221; button_two_bg_color__hover_enabled=&#8221;off&#8221;][\/et_pb_contact_field][\/et_pb_contact_form][\/et_pb_column][\/et_pb_section]<\/p>\n","protected":false},"excerpt":{"rendered":"<p>Contactby EmailTechnical services \/ Crossbreeding advices.neyrat@beligneuxleharas.com Accountinglaure.neyrat@beligneuxleharas.com Administrative bureau@beligneuxleharas.com Haras de Ch\u00e2tenay florine@beligneuxleharas.com &nbsp; &nbsp;AddressesB\u00e9ligneux Le Haras1702 chemin des sauvag\u00e8res01960 SERVAS Haras de Ch\u00e2tenayLieu dit le moulin01320 CHATENAYby PhoneTechnical services \/ Crossbreeding advice+33 4 37 62 30 85 choice 1 AccountingLaure Rossel : +33(0)6 18 98 12 83 Executive \/ administrative assistant Amandine Hivet: +33(0)6 [&hellip;]<\/p>\n","protected":false},"author":1,"featured_media":0,"parent":0,"menu_order":0,"comment_status":"closed","ping_status":"closed","template":"","meta":{"_et_pb_use_builder":"on","_et_pb_old_content":"","_et_gb_content_width":"","_monsterinsights_skip_tracking":false,"_monsterinsights_sitenote_active":false,"_monsterinsights_sitenote_note":"","_monsterinsights_sitenote_category":0,"footnotes":""},"class_list":["post-4978","page","type-page","status-publish","hentry"],"yoast_head":"<!-- This site is optimized with the Yoast SEO plugin v22.4 - https:\/\/yoast.com\/wordpress\/plugins\/seo\/ -->\n<title>CONTACT - B\u00e9ligneux le haras<\/title>\n<meta name=\"robots\" content=\"index, follow, max-snippet:-1, max-image-preview:large, max-video-preview:-1\" \/>\n<link rel=\"canonical\" href=\"https:\/\/www.beligneuxleharas.com\/en\/contact\/\" \/>\n<meta property=\"og:locale\" content=\"en_US\" \/>\n<meta property=\"og:type\" content=\"article\" \/>\n<meta property=\"og:title\" content=\"CONTACT - B\u00e9ligneux le haras\" \/>\n<meta property=\"og:description\" content=\"Contactby EmailTechnical services \/ Crossbreeding advices.neyrat@beligneuxleharas.com Accountinglaure.neyrat@beligneuxleharas.com Administrative bureau@beligneuxleharas.com Haras de Ch\u00e2tenay florine@beligneuxleharas.com &nbsp; &nbsp;AddressesB\u00e9ligneux Le Haras1702 chemin des sauvag\u00e8res01960 SERVAS Haras de Ch\u00e2tenayLieu dit le moulin01320 CHATENAYby PhoneTechnical services \/ Crossbreeding advice+33 4 37 62 30 85 choice 1 AccountingLaure Rossel : +33(0)6 18 98 12 83 Executive \/ administrative assistant Amandine Hivet: +33(0)6 [&hellip;]\" \/>\n<meta property=\"og:url\" content=\"https:\/\/www.beligneuxleharas.com\/en\/contact\/\" \/>\n<meta property=\"og:site_name\" content=\"B\u00e9ligneux le haras\" \/>\n<meta property=\"article:publisher\" content=\"https:\/\/www.facebook.com\/communauteBLH\" \/>\n<meta property=\"article:modified_time\" content=\"2024-07-09T04:51:19+00:00\" \/>\n<meta name=\"twitter:card\" content=\"summary_large_image\" \/>\n<meta name=\"twitter:label1\" content=\"Est. reading time\" \/>\n\t<meta name=\"twitter:data1\" content=\"8 minutes\" \/>\n<script type=\"application\/ld+json\" class=\"yoast-schema-graph\">{\"@context\":\"https:\/\/schema.org\",\"@graph\":[{\"@type\":\"WebPage\",\"@id\":\"https:\/\/www.beligneuxleharas.com\/en\/contact\/\",\"url\":\"https:\/\/www.beligneuxleharas.com\/en\/contact\/\",\"name\":\"CONTACT - B\u00e9ligneux le haras\",\"isPartOf\":{\"@id\":\"https:\/\/www.beligneuxleharas.com\/en\/#website\"},\"datePublished\":\"2024-01-30T09:06:43+00:00\",\"dateModified\":\"2024-07-09T04:51:19+00:00\",\"breadcrumb\":{\"@id\":\"https:\/\/www.beligneuxleharas.com\/en\/contact\/#breadcrumb\"},\"inLanguage\":\"en-US\",\"potentialAction\":[{\"@type\":\"ReadAction\",\"target\":[\"https:\/\/www.beligneuxleharas.com\/en\/contact\/\"]}]},{\"@type\":\"BreadcrumbList\",\"@id\":\"https:\/\/www.beligneuxleharas.com\/en\/contact\/#breadcrumb\",\"itemListElement\":[{\"@type\":\"ListItem\",\"position\":1,\"name\":\"Accueil\",\"item\":\"https:\/\/www.beligneuxleharas.com\/en\/\"},{\"@type\":\"ListItem\",\"position\":2,\"name\":\"CONTACT\"}]},{\"@type\":\"WebSite\",\"@id\":\"https:\/\/www.beligneuxleharas.com\/en\/#website\",\"url\":\"https:\/\/www.beligneuxleharas.com\/en\/\",\"name\":\"B\u00e9ligneux le haras\",\"description\":\"\",\"publisher\":{\"@id\":\"https:\/\/www.beligneuxleharas.com\/en\/#organization\"},\"potentialAction\":[{\"@type\":\"SearchAction\",\"target\":{\"@type\":\"EntryPoint\",\"urlTemplate\":\"https:\/\/www.beligneuxleharas.com\/en\/?s={search_term_string}\"},\"query-input\":\"required name=search_term_string\"}],\"inLanguage\":\"en-US\"},{\"@type\":\"Organization\",\"@id\":\"https:\/\/www.beligneuxleharas.com\/en\/#organization\",\"name\":\"B\u00e9ligneux le haras\",\"url\":\"https:\/\/www.beligneuxleharas.com\/en\/\",\"logo\":{\"@type\":\"ImageObject\",\"inLanguage\":\"en-US\",\"@id\":\"https:\/\/www.beligneuxleharas.com\/en\/#\/schema\/logo\/image\/\",\"url\":\"https:\/\/www.beligneuxleharas.com\/wp-content\/uploads\/2023\/11\/logo-BLH.png\",\"contentUrl\":\"https:\/\/www.beligneuxleharas.com\/wp-content\/uploads\/2023\/11\/logo-BLH.png\",\"width\":1000,\"height\":1000,\"caption\":\"B\u00e9ligneux le haras\"},\"image\":{\"@id\":\"https:\/\/www.beligneuxleharas.com\/en\/#\/schema\/logo\/image\/\"},\"sameAs\":[\"https:\/\/www.facebook.com\/communauteBLH\",\"https:\/\/www.instagram.com\/beligneux_le_haras\/\",\"https:\/\/www.youtube.com\/channel\/UC17fBIi5XzUoGWdGrD_geNQ\"]}]}<\/script>\n<!-- \/ Yoast SEO plugin. -->","yoast_head_json":{"title":"CONTACT - B\u00e9ligneux le haras","robots":{"index":"index","follow":"follow","max-snippet":"max-snippet:-1","max-image-preview":"max-image-preview:large","max-video-preview":"max-video-preview:-1"},"canonical":"https:\/\/www.beligneuxleharas.com\/en\/contact\/","og_locale":"en_US","og_type":"article","og_title":"CONTACT - B\u00e9ligneux le haras","og_description":"Contactby EmailTechnical services \/ Crossbreeding advices.neyrat@beligneuxleharas.com Accountinglaure.neyrat@beligneuxleharas.com Administrative bureau@beligneuxleharas.com Haras de Ch\u00e2tenay florine@beligneuxleharas.com &nbsp; &nbsp;AddressesB\u00e9ligneux Le Haras1702 chemin des sauvag\u00e8res01960 SERVAS Haras de Ch\u00e2tenayLieu dit le moulin01320 CHATENAYby PhoneTechnical services \/ Crossbreeding advice+33 4 37 62 30 85 choice 1 AccountingLaure Rossel : +33(0)6 18 98 12 83 Executive \/ administrative assistant Amandine Hivet: +33(0)6 [&hellip;]","og_url":"https:\/\/www.beligneuxleharas.com\/en\/contact\/","og_site_name":"B\u00e9ligneux le haras","article_publisher":"https:\/\/www.facebook.com\/communauteBLH","article_modified_time":"2024-07-09T04:51:19+00:00","twitter_card":"summary_large_image","twitter_misc":{"Est. reading time":"8 minutes"},"schema":{"@context":"https:\/\/schema.org","@graph":[{"@type":"WebPage","@id":"https:\/\/www.beligneuxleharas.com\/en\/contact\/","url":"https:\/\/www.beligneuxleharas.com\/en\/contact\/","name":"CONTACT - B\u00e9ligneux le haras","isPartOf":{"@id":"https:\/\/www.beligneuxleharas.com\/en\/#website"},"datePublished":"2024-01-30T09:06:43+00:00","dateModified":"2024-07-09T04:51:19+00:00","breadcrumb":{"@id":"https:\/\/www.beligneuxleharas.com\/en\/contact\/#breadcrumb"},"inLanguage":"en-US","potentialAction":[{"@type":"ReadAction","target":["https:\/\/www.beligneuxleharas.com\/en\/contact\/"]}]},{"@type":"BreadcrumbList","@id":"https:\/\/www.beligneuxleharas.com\/en\/contact\/#breadcrumb","itemListElement":[{"@type":"ListItem","position":1,"name":"Accueil","item":"https:\/\/www.beligneuxleharas.com\/en\/"},{"@type":"ListItem","position":2,"name":"CONTACT"}]},{"@type":"WebSite","@id":"https:\/\/www.beligneuxleharas.com\/en\/#website","url":"https:\/\/www.beligneuxleharas.com\/en\/","name":"B\u00e9ligneux le haras","description":"","publisher":{"@id":"https:\/\/www.beligneuxleharas.com\/en\/#organization"},"potentialAction":[{"@type":"SearchAction","target":{"@type":"EntryPoint","urlTemplate":"https:\/\/www.beligneuxleharas.com\/en\/?s={search_term_string}"},"query-input":"required name=search_term_string"}],"inLanguage":"en-US"},{"@type":"Organization","@id":"https:\/\/www.beligneuxleharas.com\/en\/#organization","name":"B\u00e9ligneux le haras","url":"https:\/\/www.beligneuxleharas.com\/en\/","logo":{"@type":"ImageObject","inLanguage":"en-US","@id":"https:\/\/www.beligneuxleharas.com\/en\/#\/schema\/logo\/image\/","url":"https:\/\/www.beligneuxleharas.com\/wp-content\/uploads\/2023\/11\/logo-BLH.png","contentUrl":"https:\/\/www.beligneuxleharas.com\/wp-content\/uploads\/2023\/11\/logo-BLH.png","width":1000,"height":1000,"caption":"B\u00e9ligneux le haras"},"image":{"@id":"https:\/\/www.beligneuxleharas.com\/en\/#\/schema\/logo\/image\/"},"sameAs":["https:\/\/www.facebook.com\/communauteBLH","https:\/\/www.instagram.com\/beligneux_le_haras\/","https:\/\/www.youtube.com\/channel\/UC17fBIi5XzUoGWdGrD_geNQ"]}]}},"_links":{"self":[{"href":"https:\/\/www.beligneuxleharas.com\/en\/wp-json\/wp\/v2\/pages\/4978","targetHints":{"allow":["GET"]}}],"collection":[{"href":"https:\/\/www.beligneuxleharas.com\/en\/wp-json\/wp\/v2\/pages"}],"about":[{"href":"https:\/\/www.beligneuxleharas.com\/en\/wp-json\/wp\/v2\/types\/page"}],"author":[{"embeddable":true,"href":"https:\/\/www.beligneuxleharas.com\/en\/wp-json\/wp\/v2\/users\/1"}],"replies":[{"embeddable":true,"href":"https:\/\/www.beligneuxleharas.com\/en\/wp-json\/wp\/v2\/comments?post=4978"}],"version-history":[{"count":12,"href":"https:\/\/www.beligneuxleharas.com\/en\/wp-json\/wp\/v2\/pages\/4978\/revisions"}],"predecessor-version":[{"id":8905,"href":"https:\/\/www.beligneuxleharas.com\/en\/wp-json\/wp\/v2\/pages\/4978\/revisions\/8905"}],"wp:attachment":[{"href":"https:\/\/www.beligneuxleharas.com\/en\/wp-json\/wp\/v2\/media?parent=4978"}],"curies":[{"name":"wp","href":"https:\/\/api.w.org\/{rel}","templated":true}]}}